{"id":11,"date":"2025-11-27T19:25:46","date_gmt":"2025-11-27T18:25:46","guid":{"rendered":"https:\/\/capmeraustrale.terreetocean.fr\/wordpress\/?page_id=11"},"modified":"2026-02-24T14:34:58","modified_gmt":"2026-02-24T13:34:58","slug":"accueil","status":"publish","type":"page","link":"https:\/\/capmeraustrale.terreetocean.fr\/wordpress\/","title":{"rendered":"CAP VERS LES MERS AUSTRALES"},"content":{"rendered":"\n<div style=\"height:60px\" aria-hidden=\"true\" class=\"wp-block-spacer\"><\/div>\n\n\n\n<p class=\"has-text-align-center\"><strong>Suivi de la campagne oc\u00e9anographique OBS AUSTRAL 2026<\/strong><\/p>\n\n\n\n<p class=\"has-text-align-center\"><em>Du 14 janvier 2026 au 26 f\u00e9vrier 2026<\/em><\/p>\n\n\n\n<p class=\"has-text-align-center\">Carnet de bord, science embarqu\u00e9e &amp; vie \u00e0 bord du Marion Dufresne lors d&rsquo;une campagne oc\u00e9anographique dans l&rsquo;h\u00e9misph\u00e8re Sud, entre la R\u00e9union et les terres australes et antarctique fran\u00e7aises.<\/p>\n\n\n<div class=\"wp-block-image\">\n<figure class=\"aligncenter size-full is-resized\"><a href=\"https:\/\/www.helloasso.com\/associations\/terre-et-ocean\/collectes\/cap-sur-les-mers-australes-avec-terre-et-ocean\" target=\"_blank\" rel=\"noreferrer noopener\"><img loading=\"lazy\" decoding=\"async\" width=\"898\" height=\"268\" src=\"https:\/\/capmeraustrale.terreetocean.fr\/wordpress\/wp-content\/uploads\/2025\/12\/Votre-texte-de-paragraphe.png\" alt=\"\" class=\"wp-image-147\" style=\"width:184px;height:auto\" srcset=\"https:\/\/capmeraustrale.terreetocean.fr\/wordpress\/wp-content\/uploads\/2025\/12\/Votre-texte-de-paragraphe.png 898w, https:\/\/capmeraustrale.terreetocean.fr\/wordpress\/wp-content\/uploads\/2025\/12\/Votre-texte-de-paragraphe-300x90.png 300w, https:\/\/capmeraustrale.terreetocean.fr\/wordpress\/wp-content\/uploads\/2025\/12\/Votre-texte-de-paragraphe-768x229.png 768w\" sizes=\"(max-width: 898px) 100vw, 898px\" \/><\/a><\/figure><\/div>\n\n\n<div style=\"height:60px\" aria-hidden=\"true\" class=\"wp-block-spacer\"><\/div>\n\n\n\n<div class=\"wp-block-columns is-layout-flex wp-container-core-columns-is-layout-2 wp-block-columns-is-layout-flex\">\n<div class=\"wp-block-column is-layout-flow wp-block-column-is-layout-flow\">\n<div class=\"wp-block-columns is-layout-flex wp-container-core-columns-is-layout-1 wp-block-columns-is-layout-flex\">\n<div class=\"wp-block-column is-vertically-aligned-center is-layout-flow wp-block-column-is-layout-flow\">\n<div class=\"wp-block-buttons is-content-justification-center is-layout-flex wp-container-core-buttons-is-layout-1 wp-block-buttons-is-layout-flex\">\n<div class=\"wp-block-button\"><a class=\"wp-block-button__link wp-element-button\" href=\"https:\/\/capmeraustrale.terreetocean.fr\/wordpress\/category\/vie-a-bord\/\">vie \u00e0 bord<\/a><\/div>\n<\/div>\n\n\n\n<div style=\"height:67px\" aria-hidden=\"true\" class=\"wp-block-spacer\"><\/div>\n\n\n\n<figure class=\"wp-block-image size-large\"><img loading=\"lazy\" decoding=\"async\" width=\"1024\" height=\"1024\" src=\"https:\/\/capmeraustrale.terreetocean.fr\/wordpress\/wp-content\/uploads\/2025\/12\/MarionDufresneGaronne2003-1024x1024.png\" alt=\"\" class=\"wp-image-47\" srcset=\"https:\/\/capmeraustrale.terreetocean.fr\/wordpress\/wp-content\/uploads\/2025\/12\/MarionDufresneGaronne2003-1024x1024.png 1024w, https:\/\/capmeraustrale.terreetocean.fr\/wordpress\/wp-content\/uploads\/2025\/12\/MarionDufresneGaronne2003-300x300.png 300w, https:\/\/capmeraustrale.terreetocean.fr\/wordpress\/wp-content\/uploads\/2025\/12\/MarionDufresneGaronne2003-150x150.png 150w, https:\/\/capmeraustrale.terreetocean.fr\/wordpress\/wp-content\/uploads\/2025\/12\/MarionDufresneGaronne2003-768x768.png 768w, https:\/\/capmeraustrale.terreetocean.fr\/wordpress\/wp-content\/uploads\/2025\/12\/MarionDufresneGaronne2003-1536x1536.png 1536w, https:\/\/capmeraustrale.terreetocean.fr\/wordpress\/wp-content\/uploads\/2025\/12\/MarionDufresneGaronne2003-1140x1140.png 1140w, https:\/\/capmeraustrale.terreetocean.fr\/wordpress\/wp-content\/uploads\/2025\/12\/MarionDufresneGaronne2003-75x75.png 75w, https:\/\/capmeraustrale.terreetocean.fr\/wordpress\/wp-content\/uploads\/2025\/12\/MarionDufresneGaronne2003.png 1654w\" sizes=\"(max-width: 1024px) 100vw, 1024px\" \/><\/figure>\n<\/div>\n\n\n\n<div class=\"wp-block-column is-vertically-aligned-center is-layout-flow wp-block-column-is-layout-flow\">\n<div class=\"wp-block-buttons is-content-justification-center is-layout-flex wp-container-core-buttons-is-layout-2 wp-block-buttons-is-layout-flex\">\n<div class=\"wp-block-button\"><a class=\"wp-block-button__link wp-element-button\" href=\"https:\/\/capmeraustrale.terreetocean.fr\/wordpress\/category\/projet-scientifique\/\">mission scientifique<\/a><\/div>\n<\/div>\n\n\n\n<div style=\"height:67px\" aria-hidden=\"true\" class=\"wp-block-spacer\"><\/div>\n\n\n\n<figure class=\"wp-block-image size-large\"><img loading=\"lazy\" decoding=\"async\" width=\"1024\" height=\"1024\" src=\"https:\/\/capmeraustrale.terreetocean.fr\/wordpress\/wp-content\/uploads\/2025\/12\/ProjetScientifique2024-1024x1024.png\" alt=\"\" class=\"wp-image-49\" srcset=\"https:\/\/capmeraustrale.terreetocean.fr\/wordpress\/wp-content\/uploads\/2025\/12\/ProjetScientifique2024-1024x1024.png 1024w, https:\/\/capmeraustrale.terreetocean.fr\/wordpress\/wp-content\/uploads\/2025\/12\/ProjetScientifique2024-300x300.png 300w, https:\/\/capmeraustrale.terreetocean.fr\/wordpress\/wp-content\/uploads\/2025\/12\/ProjetScientifique2024-150x150.png 150w, https:\/\/capmeraustrale.terreetocean.fr\/wordpress\/wp-content\/uploads\/2025\/12\/ProjetScientifique2024-768x768.png 768w, https:\/\/capmeraustrale.terreetocean.fr\/wordpress\/wp-content\/uploads\/2025\/12\/ProjetScientifique2024-1536x1536.png 1536w, https:\/\/capmeraustrale.terreetocean.fr\/wordpress\/wp-content\/uploads\/2025\/12\/ProjetScientifique2024-1140x1140.png 1140w, https:\/\/capmeraustrale.terreetocean.fr\/wordpress\/wp-content\/uploads\/2025\/12\/ProjetScientifique2024-75x75.png 75w, https:\/\/capmeraustrale.terreetocean.fr\/wordpress\/wp-content\/uploads\/2025\/12\/ProjetScientifique2024.png 1654w\" sizes=\"(max-width: 1024px) 100vw, 1024px\" \/><\/figure>\n<\/div>\n\n\n\n<div class=\"wp-block-column is-vertically-aligned-center is-layout-flow wp-block-column-is-layout-flow\">\n<div class=\"wp-block-buttons is-content-justification-center is-layout-flex wp-container-core-buttons-is-layout-3 wp-block-buttons-is-layout-flex\">\n<div class=\"wp-block-button\"><a class=\"wp-block-button__link wp-element-button\" href=\"https:\/\/capmeraustrale.terreetocean.fr\/wordpress\/category\/interview\/\">entretiens et articles d&rsquo;auteurs \ud83d\ude42<\/a><\/div>\n<\/div>\n\n\n\n<div style=\"height:50px\" aria-hidden=\"true\" class=\"wp-block-spacer\"><\/div>\n\n\n\n<figure class=\"wp-block-image size-large\"><img loading=\"lazy\" decoding=\"async\" width=\"1024\" height=\"1024\" src=\"https:\/\/capmeraustrale.terreetocean.fr\/wordpress\/wp-content\/uploads\/2025\/12\/PhilippePedemay2025-1024x1024.png\" alt=\"\" class=\"wp-image-48\" srcset=\"https:\/\/capmeraustrale.terreetocean.fr\/wordpress\/wp-content\/uploads\/2025\/12\/PhilippePedemay2025-1024x1024.png 1024w, https:\/\/capmeraustrale.terreetocean.fr\/wordpress\/wp-content\/uploads\/2025\/12\/PhilippePedemay2025-300x300.png 300w, https:\/\/capmeraustrale.terreetocean.fr\/wordpress\/wp-content\/uploads\/2025\/12\/PhilippePedemay2025-150x150.png 150w, https:\/\/capmeraustrale.terreetocean.fr\/wordpress\/wp-content\/uploads\/2025\/12\/PhilippePedemay2025-768x768.png 768w, https:\/\/capmeraustrale.terreetocean.fr\/wordpress\/wp-content\/uploads\/2025\/12\/PhilippePedemay2025-1536x1536.png 1536w, https:\/\/capmeraustrale.terreetocean.fr\/wordpress\/wp-content\/uploads\/2025\/12\/PhilippePedemay2025-1140x1140.png 1140w, https:\/\/capmeraustrale.terreetocean.fr\/wordpress\/wp-content\/uploads\/2025\/12\/PhilippePedemay2025-75x75.png 75w, https:\/\/capmeraustrale.terreetocean.fr\/wordpress\/wp-content\/uploads\/2025\/12\/PhilippePedemay2025.png 1654w\" sizes=\"(max-width: 1024px) 100vw, 1024px\" \/><\/figure>\n<\/div>\n\n\n\n<div class=\"wp-block-column is-vertically-aligned-center is-layout-flow wp-block-column-is-layout-flow\">\n<div class=\"wp-block-buttons is-content-justification-center is-layout-flex wp-container-core-buttons-is-layout-4 wp-block-buttons-is-layout-flex\">\n<div class=\"wp-block-button\"><a class=\"wp-block-button__link wp-element-button\" href=\"https:\/\/capmeraustrale.terreetocean.fr\/wordpress\/category\/pour-les-ecoles\/\">m\u00e9diation scolaire<\/a><\/div>\n<\/div>\n\n\n\n<div style=\"height:77px\" aria-hidden=\"true\" class=\"wp-block-spacer\"><\/div>\n\n\n\n<figure class=\"wp-block-image size-large\"><img loading=\"lazy\" decoding=\"async\" width=\"1024\" height=\"1024\" src=\"https:\/\/capmeraustrale.terreetocean.fr\/wordpress\/wp-content\/uploads\/2025\/12\/MediationScolaire-1-1024x1024.png\" alt=\"\" class=\"wp-image-51\" srcset=\"https:\/\/capmeraustrale.terreetocean.fr\/wordpress\/wp-content\/uploads\/2025\/12\/MediationScolaire-1-1024x1024.png 1024w, https:\/\/capmeraustrale.terreetocean.fr\/wordpress\/wp-content\/uploads\/2025\/12\/MediationScolaire-1-300x300.png 300w, https:\/\/capmeraustrale.terreetocean.fr\/wordpress\/wp-content\/uploads\/2025\/12\/MediationScolaire-1-150x150.png 150w, https:\/\/capmeraustrale.terreetocean.fr\/wordpress\/wp-content\/uploads\/2025\/12\/MediationScolaire-1-768x768.png 768w, https:\/\/capmeraustrale.terreetocean.fr\/wordpress\/wp-content\/uploads\/2025\/12\/MediationScolaire-1-1536x1536.png 1536w, https:\/\/capmeraustrale.terreetocean.fr\/wordpress\/wp-content\/uploads\/2025\/12\/MediationScolaire-1-1140x1140.png 1140w, https:\/\/capmeraustrale.terreetocean.fr\/wordpress\/wp-content\/uploads\/2025\/12\/MediationScolaire-1-75x75.png 75w, https:\/\/capmeraustrale.terreetocean.fr\/wordpress\/wp-content\/uploads\/2025\/12\/MediationScolaire-1.png 1654w\" sizes=\"(max-width: 1024px) 100vw, 1024px\" \/><\/figure>\n<\/div>\n<\/div>\n<\/div>\n<\/div>\n\n\n\n<div style=\"height:60px\" aria-hidden=\"true\" class=\"wp-block-spacer\"><\/div>\n\n\n\n<div class=\"wp-block-columns is-layout-flex wp-container-core-columns-is-layout-3 wp-block-columns-is-layout-flex\">\n<div class=\"wp-block-column is-layout-flow wp-block-column-is-layout-flow\">\n<h2 class=\"wp-block-heading has-text-align-center\">O\u00f9 sommes nous ?<\/h2>\n<\/div>\n<\/div>\n\n\n\n<div class=\"wp-block-cover is-light has-custom-content-position is-position-bottom-center wp-duotone-unset-1\" style=\"min-height:541px;aspect-ratio:unset;\"><span aria-hidden=\"true\" class=\"wp-block-cover__background has-background-dim\" style=\"background-color:#bdcfd6\"><\/span><img loading=\"lazy\" decoding=\"async\" width=\"2148\" height=\"1384\" class=\"wp-block-cover__image-background wp-image-85\" alt=\"\" src=\"https:\/\/capmeraustrale.terreetocean.fr\/wordpress\/wp-content\/uploads\/2025\/12\/LaFlotteMarionDufresne.png\" data-object-fit=\"cover\" srcset=\"https:\/\/capmeraustrale.terreetocean.fr\/wordpress\/wp-content\/uploads\/2025\/12\/LaFlotteMarionDufresne.png 2148w, https:\/\/capmeraustrale.terreetocean.fr\/wordpress\/wp-content\/uploads\/2025\/12\/LaFlotteMarionDufresne-300x193.png 300w, https:\/\/capmeraustrale.terreetocean.fr\/wordpress\/wp-content\/uploads\/2025\/12\/LaFlotteMarionDufresne-1024x660.png 1024w, https:\/\/capmeraustrale.terreetocean.fr\/wordpress\/wp-content\/uploads\/2025\/12\/LaFlotteMarionDufresne-768x495.png 768w, https:\/\/capmeraustrale.terreetocean.fr\/wordpress\/wp-content\/uploads\/2025\/12\/LaFlotteMarionDufresne-1536x990.png 1536w, https:\/\/capmeraustrale.terreetocean.fr\/wordpress\/wp-content\/uploads\/2025\/12\/LaFlotteMarionDufresne-2048x1320.png 2048w, https:\/\/capmeraustrale.terreetocean.fr\/wordpress\/wp-content\/uploads\/2025\/12\/LaFlotteMarionDufresne-1140x735.png 1140w\" sizes=\"(max-width: 2148px) 100vw, 2148px\" \/><div class=\"wp-block-cover__inner-container is-layout-constrained wp-block-cover-is-layout-constrained\">\n<div class=\"wp-block-buttons is-content-justification-center is-layout-flex wp-container-core-buttons-is-layout-5 wp-block-buttons-is-layout-flex\">\n<div class=\"wp-block-button\"><a class=\"wp-block-button__link has-text-align-center wp-element-button\" href=\"https:\/\/www.flotteoceanographique.fr\/La-Flotte-en-action\/Ou-sont-les-navires?\">\ud83d\udccd Voir la position en direct du Marion Dufresne<\/a><\/div>\n<\/div>\n<\/div><\/div>\n\n\n\n<div style=\"height:100px\" aria-hidden=\"true\" class=\"wp-block-spacer\"><\/div>\n","protected":false},"excerpt":{"rendered":"<p>Suivi de la campagne oc\u00e9anographique OBS AUSTRAL 2026 Du 14 janvier 2026 au 26 f\u00e9vrier 2026 Carnet de bord, science embarqu\u00e9e &amp; vie \u00e0 bord du Marion Dufresne lors d&rsquo;une campagne oc\u00e9anographique dans l&rsquo;h\u00e9misph\u00e8re Sud, entre la R\u00e9union et les terres australes et antarctique fran\u00e7aises. O\u00f9 sommes nous ?<\/p>\n","protected":false},"author":1,"featured_media":0,"parent":0,"menu_order":0,"comment_status":"closed","ping_status":"closed","template":"","meta":{"footnotes":""},"post_mailing_queue_ids":[],"_links":{"self":[{"href":"https:\/\/capmeraustrale.terreetocean.fr\/wordpress\/wp-json\/wp\/v2\/pages\/11"}],"collection":[{"href":"https:\/\/capmeraustrale.terreetocean.fr\/wordpress\/wp-json\/wp\/v2\/pages"}],"about":[{"href":"https:\/\/capmeraustrale.terreetocean.fr\/wordpress\/wp-json\/wp\/v2\/types\/page"}],"author":[{"embeddable":true,"href":"https:\/\/capmeraustrale.terreetocean.fr\/wordpress\/wp-json\/wp\/v2\/users\/1"}],"replies":[{"embeddable":true,"href":"https:\/\/capmeraustrale.terreetocean.fr\/wordpress\/wp-json\/wp\/v2\/comments?post=11"}],"version-history":[{"count":23,"href":"https:\/\/capmeraustrale.terreetocean.fr\/wordpress\/wp-json\/wp\/v2\/pages\/11\/revisions"}],"predecessor-version":[{"id":674,"href":"https:\/\/capmeraustrale.terreetocean.fr\/wordpress\/wp-json\/wp\/v2\/pages\/11\/revisions\/674"}],"wp:attachment":[{"href":"https:\/\/capmeraustrale.terreetocean.fr\/wordpress\/wp-json\/wp\/v2\/media?parent=11"}],"curies":[{"name":"wp","href":"https:\/\/api.w.org\/{rel}","templated":true}]}}