{"id":40,"date":"2025-12-01T10:37:06","date_gmt":"2025-12-01T09:37:06","guid":{"rendered":"https:\/\/capmeraustrale.terreetocean.fr\/wordpress\/?page_id=40"},"modified":"2025-12-19T18:35:51","modified_gmt":"2025-12-19T17:35:51","slug":"contact","status":"publish","type":"page","link":"https:\/\/capmeraustrale.terreetocean.fr\/wordpress\/contact\/","title":{"rendered":"Contact"},"content":{"rendered":"\n<h2 class=\"wp-block-heading\">L&rsquo;association Terre &amp; Oc\u00e9an<\/h2>\n\n\n\n<div style=\"height:50px\" aria-hidden=\"true\" class=\"wp-block-spacer\"><\/div>\n\n\n\n<p class=\"has-text-align-left\"><strong><a href=\"https:\/\/www.terreetocean.fr\/\" target=\"_blank\" rel=\"noreferrer noopener\">Terre &amp; Oc\u00e9an<\/a><\/strong> est une association de <strong>m\u00e9diation scientifique<\/strong>\ud83d\udc68\ud83c\udffe\u200d\ud83d\udd2c\ud83d\udc69\ud83c\udffd\u200d\ud83d\udd2c\ud83d\udc69\ud83c\udffc\u200d\ud83d\udd2c\ud83d\udc69\ud83c\udffb\u200d\ud83d\udd2c\ud83d\udc69\u200d\ud83d\udd2c\ud83d\udc68\ud83c\udffb\u200d\ud83d\udd2c qui propose depuis sa cr\u00e9ation en 1995, d&rsquo;accompagner les \u00e9coles, les coll\u00e8ges, les lyc\u00e9es, les entreprises, les collectivit\u00e9s et les associations de la <strong>Gironde<\/strong> (oui tout \u00e7a, on appr\u00e9cie tout le monde \ud83d\ude0d) voir parfois de la r\u00e9gion Nouvelle-Aquitaine. Elle est n\u00e9e dans les couloirs de l&rsquo;<a href=\"https:\/\/www.epoc.u-bordeaux.fr\/index.php?lang=fr&amp;page=presentation\" target=\"_blank\" rel=\"noreferrer noopener\">unit\u00e9 mixte de recherche EPOC<\/a> (<strong>Environnements et Pal\u00e9oenvironnements<\/strong> <strong>Oc\u00e9aniques et Continentaux<\/strong>), \u00e0 l&rsquo;universit\u00e9 de <strong>Bordeaux<\/strong>, \u00e0 l&rsquo;initiative de jeunes chercheurs. La m\u00e9diation scientifique repose sur la <strong>p\u00e9dagogie active<\/strong> avec une mise en contexte le plus souvent <strong>sur le terrain<\/strong> (c&rsquo;est-\u00e0-dire DEHORS \u2600\ufe0f\u26c5\ud83c\udf26\ufe0f\ud83c\udf27\ufe0f), suivie d&rsquo;une phase d&rsquo;exp\u00e9rimentation, de manipulation et ce pour tous les \u00e2ges ! Nous pratiquons \u00e9galement des formats de m\u00e9diation plus \u00ab\u00a0classique\u00a0\u00bb, tel que des expos\u00e9s, des expositions et des stands. <\/p>\n\n\n\n<div style=\"height:50px\" aria-hidden=\"true\" class=\"wp-block-spacer\"><\/div>\n\n\n\n<figure class=\"wp-block-gallery has-nested-images columns-default is-cropped wp-block-gallery-1 is-layout-flex wp-block-gallery-is-layout-flex\">\n<figure class=\"wp-block-image size-large\"><img loading=\"lazy\" decoding=\"async\" width=\"2560\" height=\"1920\" data-id=\"170\" src=\"https:\/\/capmeraustrale.terreetocean.fr\/wordpress\/wp-content\/uploads\/2025\/12\/2025_Arcachon_scolaire-scaled.jpeg\" alt=\"\" class=\"wp-image-170\" srcset=\"https:\/\/capmeraustrale.terreetocean.fr\/wordpress\/wp-content\/uploads\/2025\/12\/2025_Arcachon_scolaire-scaled.jpeg 2560w, https:\/\/capmeraustrale.terreetocean.fr\/wordpress\/wp-content\/uploads\/2025\/12\/2025_Arcachon_scolaire-300x225.jpeg 300w\" sizes=\"(max-width: 2560px) 100vw, 2560px\" \/><\/figure>\n\n\n\n<figure class=\"wp-block-image size-large\"><img loading=\"lazy\" decoding=\"async\" width=\"768\" height=\"1024\" data-id=\"169\" src=\"https:\/\/capmeraustrale.terreetocean.fr\/wordpress\/wp-content\/uploads\/2025\/12\/2025_arcachon_scolaire_prelevement-768x1024.jpeg\" alt=\"\" class=\"wp-image-169\" srcset=\"https:\/\/capmeraustrale.terreetocean.fr\/wordpress\/wp-content\/uploads\/2025\/12\/2025_arcachon_scolaire_prelevement-768x1024.jpeg 768w, https:\/\/capmeraustrale.terreetocean.fr\/wordpress\/wp-content\/uploads\/2025\/12\/2025_arcachon_scolaire_prelevement-225x300.jpeg 225w, https:\/\/capmeraustrale.terreetocean.fr\/wordpress\/wp-content\/uploads\/2025\/12\/2025_arcachon_scolaire_prelevement-scaled.jpeg 1920w\" sizes=\"(max-width: 768px) 100vw, 768px\" \/><\/figure>\n\n\n\n<figure class=\"wp-block-image size-large\"><img decoding=\"async\" data-id=\"167\" src=\"https:\/\/capmeraustrale.terreetocean.fr\/wordpress\/wp-content\/uploads\/2025\/12\/2025_arcachon_filet.jpeg\" alt=\"\" class=\"wp-image-167\"\/><\/figure>\n\n\n\n<figure class=\"wp-block-image size-large\"><img decoding=\"async\" data-id=\"171\" src=\"https:\/\/capmeraustrale.terreetocean.fr\/wordpress\/wp-content\/uploads\/2025\/12\/2025_classeCars.jpeg\" alt=\"\" class=\"wp-image-171\"\/><\/figure>\n\n\n\n<figure class=\"wp-block-image size-large\"><img loading=\"lazy\" decoding=\"async\" width=\"683\" height=\"1024\" data-id=\"130\" src=\"https:\/\/capmeraustrale.terreetocean.fr\/wordpress\/wp-content\/uploads\/2025\/12\/ClemMicro-683x1024.jpg\" alt=\"\" class=\"wp-image-130\" srcset=\"https:\/\/capmeraustrale.terreetocean.fr\/wordpress\/wp-content\/uploads\/2025\/12\/ClemMicro-683x1024.jpg 683w, https:\/\/capmeraustrale.terreetocean.fr\/wordpress\/wp-content\/uploads\/2025\/12\/ClemMicro-200x300.jpg 200w, https:\/\/capmeraustrale.terreetocean.fr\/wordpress\/wp-content\/uploads\/2025\/12\/ClemMicro-768x1152.jpg 768w, https:\/\/capmeraustrale.terreetocean.fr\/wordpress\/wp-content\/uploads\/2025\/12\/ClemMicro-1024x1536.jpg 1024w, https:\/\/capmeraustrale.terreetocean.fr\/wordpress\/wp-content\/uploads\/2025\/12\/ClemMicro-1366x2048.jpg 1366w, https:\/\/capmeraustrale.terreetocean.fr\/wordpress\/wp-content\/uploads\/2025\/12\/ClemMicro-1140x1710.jpg 1140w, https:\/\/capmeraustrale.terreetocean.fr\/wordpress\/wp-content\/uploads\/2025\/12\/ClemMicro-scaled.jpg 1707w\" sizes=\"(max-width: 683px) 100vw, 683px\" \/><\/figure>\n\n\n\n<figure class=\"wp-block-image size-large\"><img loading=\"lazy\" decoding=\"async\" width=\"1024\" height=\"683\" data-id=\"172\" src=\"https:\/\/capmeraustrale.terreetocean.fr\/wordpress\/wp-content\/uploads\/2025\/12\/ClemConference-1-1024x683.jpg\" alt=\"\" class=\"wp-image-172\" srcset=\"https:\/\/capmeraustrale.terreetocean.fr\/wordpress\/wp-content\/uploads\/2025\/12\/ClemConference-1-1024x683.jpg 1024w, https:\/\/capmeraustrale.terreetocean.fr\/wordpress\/wp-content\/uploads\/2025\/12\/ClemConference-1-300x200.jpg 300w, https:\/\/capmeraustrale.terreetocean.fr\/wordpress\/wp-content\/uploads\/2025\/12\/ClemConference-1-768x512.jpg 768w, https:\/\/capmeraustrale.terreetocean.fr\/wordpress\/wp-content\/uploads\/2025\/12\/ClemConference-1-1536x1024.jpg 1536w, https:\/\/capmeraustrale.terreetocean.fr\/wordpress\/wp-content\/uploads\/2025\/12\/ClemConference-1-2048x1366.jpg 2048w, https:\/\/capmeraustrale.terreetocean.fr\/wordpress\/wp-content\/uploads\/2025\/12\/ClemConference-1-1140x760.jpg 1140w\" sizes=\"(max-width: 1024px) 100vw, 1024px\" \/><\/figure>\n\n\n\n<figure class=\"wp-block-image size-large\"><img loading=\"lazy\" decoding=\"async\" width=\"1024\" height=\"768\" data-id=\"166\" src=\"https:\/\/capmeraustrale.terreetocean.fr\/wordpress\/wp-content\/uploads\/2025\/12\/2020_Lacanau_scolaire-1024x768.jpg\" alt=\"\" class=\"wp-image-166\" srcset=\"https:\/\/capmeraustrale.terreetocean.fr\/wordpress\/wp-content\/uploads\/2025\/12\/2020_Lacanau_scolaire-1024x768.jpg 1024w, https:\/\/capmeraustrale.terreetocean.fr\/wordpress\/wp-content\/uploads\/2025\/12\/2020_Lacanau_scolaire-300x225.jpg 300w, https:\/\/capmeraustrale.terreetocean.fr\/wordpress\/wp-content\/uploads\/2025\/12\/2020_Lacanau_scolaire-768x576.jpg 768w, https:\/\/capmeraustrale.terreetocean.fr\/wordpress\/wp-content\/uploads\/2025\/12\/2020_Lacanau_scolaire-1536x1152.jpg 1536w, https:\/\/capmeraustrale.terreetocean.fr\/wordpress\/wp-content\/uploads\/2025\/12\/2020_Lacanau_scolaire-2048x1536.jpg 2048w, https:\/\/capmeraustrale.terreetocean.fr\/wordpress\/wp-content\/uploads\/2025\/12\/2020_Lacanau_scolaire-1140x855.jpg 1140w\" sizes=\"(max-width: 1024px) 100vw, 1024px\" \/><\/figure>\n\n\n\n<figure class=\"wp-block-image size-large\"><img loading=\"lazy\" decoding=\"async\" width=\"768\" height=\"1024\" data-id=\"165\" src=\"https:\/\/capmeraustrale.terreetocean.fr\/wordpress\/wp-content\/uploads\/2025\/12\/2025_standGP-768x1024.jpg\" alt=\"\" class=\"wp-image-165\" srcset=\"https:\/\/capmeraustrale.terreetocean.fr\/wordpress\/wp-content\/uploads\/2025\/12\/2025_standGP-768x1024.jpg 768w, https:\/\/capmeraustrale.terreetocean.fr\/wordpress\/wp-content\/uploads\/2025\/12\/2025_standGP-225x300.jpg 225w, https:\/\/capmeraustrale.terreetocean.fr\/wordpress\/wp-content\/uploads\/2025\/12\/2025_standGP-1152x1536.jpg 1152w, https:\/\/capmeraustrale.terreetocean.fr\/wordpress\/wp-content\/uploads\/2025\/12\/2025_standGP-1140x1520.jpg 1140w, https:\/\/capmeraustrale.terreetocean.fr\/wordpress\/wp-content\/uploads\/2025\/12\/2025_standGP.jpg 1200w\" sizes=\"(max-width: 768px) 100vw, 768px\" \/><\/figure>\n\n\n\n<figure class=\"wp-block-image size-large\"><img loading=\"lazy\" decoding=\"async\" width=\"1024\" height=\"768\" data-id=\"177\" src=\"https:\/\/capmeraustrale.terreetocean.fr\/wordpress\/wp-content\/uploads\/2025\/12\/2025_AdaptoGame_EKLO-1024x768.jpeg\" alt=\"\" class=\"wp-image-177\" srcset=\"https:\/\/capmeraustrale.terreetocean.fr\/wordpress\/wp-content\/uploads\/2025\/12\/2025_AdaptoGame_EKLO-1024x768.jpeg 1024w, https:\/\/capmeraustrale.terreetocean.fr\/wordpress\/wp-content\/uploads\/2025\/12\/2025_AdaptoGame_EKLO-300x225.jpeg 300w, https:\/\/capmeraustrale.terreetocean.fr\/wordpress\/wp-content\/uploads\/2025\/12\/2025_AdaptoGame_EKLO-768x576.jpeg 768w, https:\/\/capmeraustrale.terreetocean.fr\/wordpress\/wp-content\/uploads\/2025\/12\/2025_AdaptoGame_EKLO-1536x1152.jpeg 1536w, https:\/\/capmeraustrale.terreetocean.fr\/wordpress\/wp-content\/uploads\/2025\/12\/2025_AdaptoGame_EKLO-2048x1536.jpeg 2048w, https:\/\/capmeraustrale.terreetocean.fr\/wordpress\/wp-content\/uploads\/2025\/12\/2025_AdaptoGame_EKLO-1140x855.jpeg 1140w\" sizes=\"(max-width: 1024px) 100vw, 1024px\" \/><\/figure>\n\n\n\n<figure class=\"wp-block-image size-large\"><img loading=\"lazy\" decoding=\"async\" width=\"768\" height=\"1024\" data-id=\"178\" src=\"https:\/\/capmeraustrale.terreetocean.fr\/wordpress\/wp-content\/uploads\/2025\/12\/2025_BeteEau_Scolaire-768x1024.jpeg\" alt=\"\" class=\"wp-image-178\" srcset=\"https:\/\/capmeraustrale.terreetocean.fr\/wordpress\/wp-content\/uploads\/2025\/12\/2025_BeteEau_Scolaire-768x1024.jpeg 768w, https:\/\/capmeraustrale.terreetocean.fr\/wordpress\/wp-content\/uploads\/2025\/12\/2025_BeteEau_Scolaire-225x300.jpeg 225w, https:\/\/capmeraustrale.terreetocean.fr\/wordpress\/wp-content\/uploads\/2025\/12\/2025_BeteEau_Scolaire-1152x1536.jpeg 1152w, https:\/\/capmeraustrale.terreetocean.fr\/wordpress\/wp-content\/uploads\/2025\/12\/2025_BeteEau_Scolaire-1536x2048.jpeg 1536w, https:\/\/capmeraustrale.terreetocean.fr\/wordpress\/wp-content\/uploads\/2025\/12\/2025_BeteEau_Scolaire-1140x1520.jpeg 1140w, https:\/\/capmeraustrale.terreetocean.fr\/wordpress\/wp-content\/uploads\/2025\/12\/2025_BeteEau_Scolaire-scaled.jpeg 1920w\" sizes=\"(max-width: 768px) 100vw, 768px\" \/><figcaption class=\"wp-element-caption\">Illustration de quelques activit\u00e9s pratiqu\u00e9es par Terre &amp; Oc\u00e9an<\/figcaption><\/figure>\n<\/figure>\n\n\n\n<div style=\"height:50px\" aria-hidden=\"true\" class=\"wp-block-spacer\"><\/div>\n\n\n\n<p class=\"has-text-align-left\">La r\u00e9alisation des animations scolaires ou des prestations de m\u00e9diation des sciences <strong>sont toutes co-construites<\/strong> pour s&rsquo;adapter \u00e0 votre demande et s&rsquo;accompagne <strong>d&rsquo;un devis personnalis\u00e9<\/strong>. Plusieurs types <strong>de financements<\/strong> existent pour les animations en milieu scolaire. <\/p>\n\n\n\n<p class=\"has-text-align-center\">Pour me joindre : <a href=\"mailto:c.renneville@terreetocean.fr\">c.renneville@terreetocean.fr<\/a><\/p>\n\n\n\n<p class=\"has-text-align-center\">Pour joindre un coll\u00e8gue : <a href=\"https:\/\/www.terreetocean.fr\/lequipe-docean\/\">https:\/\/www.terreetocean.fr\/lequipe-docean\/<\/a><\/p>\n\n\n\n<div style=\"height:50px\" aria-hidden=\"true\" class=\"wp-block-spacer\"><\/div>\n\n\n\n<h2 class=\"wp-block-heading\">Suivre la mission en tant qu&rsquo;enseignant<\/h2>\n\n\n\n<div style=\"height:50px\" aria-hidden=\"true\" class=\"wp-block-spacer\"><\/div>\n\n\n\n<p>Pour suivre la mission avec vos \u00e9l\u00e8ves, je vous conseille de m&rsquo;\u00e9crire un mail et de vous abonnez au nouveaux articles. C&rsquo;est simple et gratuit !<\/p>\n\n\n<div class=\"wp-block-image\">\n<figure class=\"aligncenter size-full is-resized\"><img loading=\"lazy\" decoding=\"async\" width=\"595\" height=\"842\" src=\"https:\/\/capmeraustrale.terreetocean.fr\/wordpress\/wp-content\/uploads\/2025\/12\/Affiche-enseignant.jpg\" alt=\"\" class=\"wp-image-173\" style=\"width:647px;height:auto\" srcset=\"https:\/\/capmeraustrale.terreetocean.fr\/wordpress\/wp-content\/uploads\/2025\/12\/Affiche-enseignant.jpg 595w, https:\/\/capmeraustrale.terreetocean.fr\/wordpress\/wp-content\/uploads\/2025\/12\/Affiche-enseignant-212x300.jpg 212w\" sizes=\"(max-width: 595px) 100vw, 595px\" \/><\/figure><\/div>\n\n\n<div style=\"height:50px\" aria-hidden=\"true\" class=\"wp-block-spacer\"><\/div>\n\n\n\n<h2 class=\"wp-block-heading\">S&rsquo;abonner aux notifications de parution des articles<\/h2>\n\n\n\n<div style=\"height:50px\" aria-hidden=\"true\" class=\"wp-block-spacer\"><\/div>\n\n\n<div class=\"es_form_wrapper es-form-2 ig-es-form-wrapper\" id=\"es_form_f2-n1\" style=\"max-width: 600px; width: 100%; margin: 0 auto; box-sizing: border-box;\"><div class=\"es_caption es-form-description\">Je m&rsquo;abonne<\/div><form action=\"\/wordpress\/wp-json\/wp\/v2\/pages\/40#es_form_f2-n1\" method=\"post\" class=\"ig_es_subscription_form es_subscription_form es_widget_form wysiwyg-form es_shortcode_form es-form-style-inherit es_ajax_subscription_form\" id=\"es_subscription_form_69fcb0adf0322\" data-source=\"ig-es\" data-form-id=\"2\"><div class=\"es-field-wrap ig-es-form-field\"><label class=\"es-field-label\">Adresse Mail*<br\/><input class=\"es_required_field es_txt_email ig_es_form_field_email ig-es-form-input\" type=\"email\" name=\"esfpx_email\" value=\"\" placeholder=\"entrer votre adresse email\" required=\"required\"\/><\/label><\/div><div class=\"es-field-wrap ig-es-form-field\"><label class=\"es-field-label\">Pr\u00e9nom<br\/><input type=\"text\" name=\"esfpx_name\" class=\"ig_es_form_field_text ig-es-form-input\" placeholder=\"entrer votre pr\u00e9nom\" value=\"\"  \/><\/label><\/div><div class=\"es-field-wrap es-submit-container\" style=\"display: flex; flex-direction: row; align-items: center; gap: 10px;\"><input type=\"submit\" name=\"esfpx_submit\" value=\"S&#039;inscrire\" class=\"es-subscribe-btn es-custom-button\" \/><\/div><input type=\"hidden\" name=\"es\" value=\"subscribe\" \/><input type=\"hidden\" name=\"esfpx_form_id\" value=\"2\" \/><input type=\"hidden\" name=\"esfpx_es_form_identifier\" value=\"f2-n1\" \/><input type=\"hidden\" name=\"esfpx_es_email_page\" value=\"40\"\/><input type=\"hidden\" name=\"esfpx_es_email_page_url\" value=\"https:\/\/capmeraustrale.terreetocean.fr\/wordpress\/contact\/\"\/><input type=\"hidden\" name=\"esfpx_status\" value=\"Unconfirmed\"\/><input type=\"hidden\" name=\"esfpx_es-subscribe\" id=\"es-subscribe-69fcb0adf0322\" value=\"a24eeb0a6c\"\/><label style=\"position:absolute;top:-99999px;left:-99999px;z-index:-99;\" aria-hidden=\"true\"><span hidden>Please leave this field empty.<\/span><input type=\"email\" name=\"esfpx_es_hp_email\" class=\"es_required_field\" tabindex=\"-1\" autocomplete=\"-1\" value=\"\"\/><\/label><input type=\"hidden\" name=\"esfpx_lists[]\" value=\"3d2359a258b1\" \/><span class=\"es_spinner_image\" id=\"spinner-image\"><img decoding=\"async\" src=\"https:\/\/capmeraustrale.terreetocean.fr\/wordpress\/wp-content\/plugins\/email-subscribers\/lite\/public\/images\/spinner.gif\" alt=\"Loading\"\/><\/span><\/form><span class=\"es_subscription_message \" id=\"es_subscription_message_69fcb0adf0322\" role=\"alert\" aria-live=\"assertive\"><\/span><style>body form.es_subscription_form.es_subscription_form[data-form-id=\"2\"].wysiwyg-form { background-color: #d1d5db; padding: 20px; border-radius: 8px; }<\/style><style>body form.es_subscription_form.es_subscription_form[data-form-id=\"2\"].wysiwyg-form .ig_es_form_field_select { appearance: none !important; -webkit-appearance: none !important; -moz-appearance: none !important; background-image: url(\"data:image\/svg+xml;charset=UTF-8,%3Csvg xmlns='http:\/\/www.w3.org\/2000\/svg' fill='none' viewBox='0 0 20 20'%3E%3Cpath stroke='%236b7280' stroke-linecap='round' stroke-linejoin='round' stroke-width='1.5' d='m6 8 4 4 4-4'\/%3E%3C\/svg%3E\") !important; background-position: right 0.5rem center !important; background-repeat: no-repeat !important; background-size: 1.5em 1.5em !important; padding-right: 2.5rem !important; } body form.es_subscription_form.es_subscription_form[data-form-id=\"2\"].wysiwyg-form .ig-es-form-input,body form.es_subscription_form.es_subscription_form[data-form-id=\"2\"].wysiwyg-form .ig-es-form-field textarea,body form.es_subscription_form.es_subscription_form[data-form-id=\"2\"].wysiwyg-form .ig_es_form_field_select { border: 1px solid #d1d5db !important; border-radius: 4px !important; } body form.es_subscription_form.es_subscription_form[data-form-id=\"2\"].wysiwyg-form .ig_es_form_field_select { padding-right: 2.5rem !important; } <\/style><style>form[data-form-id=\"2\"] .es-subscribe-btn { width: 100% !important; height: 50px !important; background-color: #3bb2de !important; background-image: none !important; background: #3bb2de !important; color: #FFFFFF !important; border: 1px solid #53b5da !important; border-radius: 4px !important; font-size: 16px !important; cursor: pointer !important; box-sizing: border-box !important; padding: 0 2em !important; font-weight: bold !important; white-space: nowrap !important; text-decoration: none !important; display: inline-block !important; line-height: 1em !important; margin-top: 1em !important; }<\/style><\/div>\n\n\n<p>A mon retour nous pourrons envisager d&rsquo;organiser une s\u00e9ance en classe <strong>d&rsquo;observation du plancton d&rsquo;ici et d&rsquo;ailleurs !<\/strong><\/p>\n\n\n\n<p><\/p>\n","protected":false},"excerpt":{"rendered":"<p>L&rsquo;association Terre &amp; Oc\u00e9an Terre &amp; Oc\u00e9an est une association de m\u00e9diation scientifique\ud83d\udc68\ud83c\udffe\u200d\ud83d\udd2c\ud83d\udc69\ud83c\udffd\u200d\ud83d\udd2c\ud83d\udc69\ud83c\udffc\u200d\ud83d\udd2c\ud83d\udc69\ud83c\udffb\u200d\ud83d\udd2c\ud83d\udc69\u200d\ud83d\udd2c\ud83d\udc68\ud83c\udffb\u200d\ud83d\udd2c qui propose depuis sa cr\u00e9ation en 1995, d&rsquo;accompagner les \u00e9coles, les coll\u00e8ges, les lyc\u00e9es, les entreprises, les collectivit\u00e9s et les associations de la Gironde (oui tout \u00e7a, on appr\u00e9cie tout le monde \ud83d\ude0d) voir parfois de la r\u00e9gion Nouvelle-Aquitaine. Elle est n\u00e9e dans les couloirs de l&rsquo;unit\u00e9 mixte de recherche EPOC (Environnements et Pal\u00e9oenvironnements Oc\u00e9aniques et Continentaux), \u00e0 l&rsquo;universit\u00e9 de Bordeaux, \u00e0 l&rsquo;initiative de jeunes chercheurs. La m\u00e9diation scientifique repose sur la p\u00e9dagogie active avec une mise en contexte le plus souvent sur le terrain (c&rsquo;est-\u00e0-dire DEHORS \u2600\ufe0f\u26c5\ud83c\udf26\ufe0f\ud83c\udf27\ufe0f), suivie d&rsquo;une phase d&rsquo;exp\u00e9rimentation, de manipulation et ce pour tous les \u00e2ges ! Nous pratiquons \u00e9galement des formats de m\u00e9diation plus \u00ab\u00a0classique\u00a0\u00bb, tel que des expos\u00e9s, des expositions et des stands. La r\u00e9alisation des animations scolaires ou des prestations de m\u00e9diation des sciences sont toutes co-construites pour s&rsquo;adapter \u00e0 votre demande et s&rsquo;accompagne d&rsquo;un devis personnalis\u00e9. Plusieurs types de financements existent pour les animations en milieu scolaire. Pour me joindre : c.renneville@terreetocean.fr Pour joindre un coll\u00e8gue : https:\/\/www.terreetocean.fr\/lequipe-docean\/ Suivre la mission en tant qu&rsquo;enseignant Pour suivre la mission avec vos \u00e9l\u00e8ves, je vous conseille de m&rsquo;\u00e9crire un mail et de vous abonnez au nouveaux articles. C&rsquo;est simple et gratuit ! S&rsquo;abonner aux notifications de parution des articles A mon retour nous pourrons envisager d&rsquo;organiser une s\u00e9ance en classe d&rsquo;observation du plancton d&rsquo;ici et d&rsquo;ailleurs !<\/p>\n","protected":false},"author":1,"featured_media":0,"parent":0,"menu_order":0,"comment_status":"closed","ping_status":"closed","template":"","meta":{"footnotes":""},"post_mailing_queue_ids":[],"_links":{"self":[{"href":"https:\/\/capmeraustrale.terreetocean.fr\/wordpress\/wp-json\/wp\/v2\/pages\/40"}],"collection":[{"href":"https:\/\/capmeraustrale.terreetocean.fr\/wordpress\/wp-json\/wp\/v2\/pages"}],"about":[{"href":"https:\/\/capmeraustrale.terreetocean.fr\/wordpress\/wp-json\/wp\/v2\/types\/page"}],"author":[{"embeddable":true,"href":"https:\/\/capmeraustrale.terreetocean.fr\/wordpress\/wp-json\/wp\/v2\/users\/1"}],"replies":[{"embeddable":true,"href":"https:\/\/capmeraustrale.terreetocean.fr\/wordpress\/wp-json\/wp\/v2\/comments?post=40"}],"version-history":[{"count":9,"href":"https:\/\/capmeraustrale.terreetocean.fr\/wordpress\/wp-json\/wp\/v2\/pages\/40\/revisions"}],"predecessor-version":[{"id":181,"href":"https:\/\/capmeraustrale.terreetocean.fr\/wordpress\/wp-json\/wp\/v2\/pages\/40\/revisions\/181"}],"wp:attachment":[{"href":"https:\/\/capmeraustrale.terreetocean.fr\/wordpress\/wp-json\/wp\/v2\/media?parent=40"}],"curies":[{"name":"wp","href":"https:\/\/api.w.org\/{rel}","templated":true}]}}